{"id":206,"date":"2024-08-22T10:18:10","date_gmt":"2024-08-22T08:18:10","guid":{"rendered":"https:\/\/ballaerika.com\/?page_id=206"},"modified":"2024-11-22T11:18:50","modified_gmt":"2024-11-22T10:18:50","slug":"blog","status":"publish","type":"page","link":"https:\/\/ballaerika.com\/de\/blog\/","title":{"rendered":"Blog"},"content":{"rendered":"<div data-elementor-type=\"wp-page\" data-elementor-id=\"206\" class=\"elementor elementor-206\" data-elementor-post-type=\"page\">\n\t\t\t\t<div class=\"elementor-element elementor-element-ab8b8ea e-flex e-con-boxed e-con e-parent\" data-id=\"ab8b8ea\" data-element_type=\"container\" data-settings=\"{&quot;background_background&quot;:&quot;classic&quot;}\">\n\t\t\t\t\t<div class=\"e-con-inner\">\n\t\t\t\t<div class=\"elementor-element elementor-element-2376f49 elementor-widget elementor-widget-heading\" data-id=\"2376f49\" data-element_type=\"widget\" data-widget_type=\"heading.default\">\n\t\t\t\t<div class=\"elementor-widget-container\">\n\t\t\t\t\t<h1 class=\"elementor-heading-title elementor-size-default\">Energy Guide Blog, um Dich durch die Welt der Energie zu f\u00fchren. \n<\/h1>\t\t\t\t<\/div>\n\t\t\t\t<\/div>\n\t\t\t\t<div class=\"elementor-element elementor-element-c002ee1 elementor-widget elementor-widget-text-editor\" data-id=\"c002ee1\" data-element_type=\"widget\" data-widget_type=\"text-editor.default\">\n\t\t\t\t<div class=\"elementor-widget-container\">\n\t\t\t\t\t\t\t\t\t<p>Im Energy Guide Blog lade ich Dich zu einer spannenden Entdeckungsreise ein, um tiefer in das unersch\u00f6pfliche Thema der Energien um uns herum, ihre Wirkungsweise und ihre Auswirkungen einzutauchen.<\/p><p>Ich m\u00f6chte, dass auch Du diese schwer fassbare, aber wunderbare Welt erkundest. Ich werde Dir auch zeigen, wie diese Energien Dein Leben formen und wie Du sie zu Deinem Vorteil nutzen kannst.<\/p><p>Wenn Du Fragen zu einem meiner Beitr\u00e4ge hast, schreib mir eine Nachricht, damit ich sie beantworten kann.<\/p>\t\t\t\t\t\t\t\t<\/div>\n\t\t\t\t<\/div>\n\t\t\t\t<div class=\"elementor-element elementor-element-b3698cc elementor-align-center elementor-mobile-align-center elementor-widget elementor-widget-button\" data-id=\"b3698cc\" data-element_type=\"widget\" data-widget_type=\"button.default\">\n\t\t\t\t<div class=\"elementor-widget-container\">\n\t\t\t\t\t\t\t\t\t<div class=\"elementor-button-wrapper\">\n\t\t\t\t\t<a class=\"elementor-button elementor-button-link elementor-size-sm\" href=\"https:\/\/ballaerika.com\/de\/kontakt\/\">\n\t\t\t\t\t\t<span class=\"elementor-button-content-wrapper\">\n\t\t\t\t\t\t\t\t\t<span class=\"elementor-button-text\">Ich habe eine Frage!<\/span>\n\t\t\t\t\t<\/span>\n\t\t\t\t\t<\/a>\n\t\t\t\t<\/div>\n\t\t\t\t\t\t\t\t<\/div>\n\t\t\t\t<\/div>\n\t\t\t\t\t<\/div>\n\t\t\t\t<\/div>\n\t\t<div class=\"elementor-element elementor-element-ab864f4 e-flex e-con-boxed e-con e-parent\" data-id=\"ab864f4\" data-element_type=\"container\">\n\t\t\t\t\t<div class=\"e-con-inner\">\n\t\t\t\t<div class=\"elementor-element elementor-element-c6fa728 elementor-grid-3 elementor-grid-tablet-2 elementor-grid-mobile-1 elementor-posts--thumbnail-top elementor-card-shadow-yes elementor-posts__hover-gradient elementor-widget elementor-widget-posts\" data-id=\"c6fa728\" data-element_type=\"widget\" data-settings=\"{&quot;pagination_type&quot;:&quot;numbers&quot;,&quot;cards_columns&quot;:&quot;3&quot;,&quot;cards_columns_tablet&quot;:&quot;2&quot;,&quot;cards_columns_mobile&quot;:&quot;1&quot;,&quot;cards_row_gap&quot;:{&quot;unit&quot;:&quot;px&quot;,&quot;size&quot;:35,&quot;sizes&quot;:[]},&quot;cards_row_gap_tablet&quot;:{&quot;unit&quot;:&quot;px&quot;,&quot;size&quot;:&quot;&quot;,&quot;sizes&quot;:[]},&quot;cards_row_gap_mobile&quot;:{&quot;unit&quot;:&quot;px&quot;,&quot;size&quot;:&quot;&quot;,&quot;sizes&quot;:[]}}\" data-widget_type=\"posts.cards\">\n\t\t\t\t<div class=\"elementor-widget-container\">\n\t\t\t\t\t\t\t<div class=\"elementor-posts-container elementor-posts elementor-posts--skin-cards elementor-grid\" role=\"list\">\n\t\t\t\t<article class=\"elementor-post elementor-grid-item post-371 post type-post status-publish format-standard has-post-thumbnail hentry category-uncategorized\" role=\"listitem\">\n\t\t\t<div class=\"elementor-post__card\">\n\t\t\t\t<a class=\"elementor-post__thumbnail__link\" href=\"https:\/\/ballaerika.com\/de\/miert-minden-kihivas-energetikai-kihivas\/\" tabindex=\"-1\" ><div class=\"elementor-post__thumbnail\"><img fetchpriority=\"high\" decoding=\"async\" width=\"1000\" height=\"613\" src=\"https:\/\/ballaerika.com\/wp-content\/uploads\/2024\/09\/energetikai-kihivas.jpg\" class=\"attachment-full size-full wp-image-372\" alt=\"\" srcset=\"https:\/\/ballaerika.com\/wp-content\/uploads\/2024\/09\/energetikai-kihivas.jpg 1000w, https:\/\/ballaerika.com\/wp-content\/uploads\/2024\/09\/energetikai-kihivas-300x184.jpg 300w, https:\/\/ballaerika.com\/wp-content\/uploads\/2024\/09\/energetikai-kihivas-768x471.jpg 768w\" sizes=\"(max-width: 1000px) 100vw, 1000px\" \/><\/div><\/a>\n\t\t\t\t<div class=\"elementor-post__text\">\n\t\t\t\t<h3 class=\"elementor-post__title\">\n\t\t\t<a href=\"https:\/\/ballaerika.com\/de\/miert-minden-kihivas-energetikai-kihivas\/\" >\n\t\t\t\tWarum ist jede Herausforderung eine Energieherausforderung?\t\t\t<\/a>\n\t\t<\/h3>\n\t\t\t\t<div class=\"elementor-post__excerpt\">\n\t\t\t<p>\u201eEnergie ist Information in Bewegung und umfasst absolut alles, einschliesslich unserer materiellen und nichtmateriellen Aspekte. Energie ist die Wurzel aller destruktiven Faktoren in unserem Leben und<\/p>\n\t\t<\/div>\n\t\t\t\t\t<div class=\"elementor-post__read-more-wrapper\">\n\t\t\n\t\t<a class=\"elementor-post__read-more\" href=\"https:\/\/ballaerika.com\/de\/miert-minden-kihivas-energetikai-kihivas\/\" aria-label=\"Read more about Mi\u00e9rt minden kih\u00edv\u00e1s energetikai kih\u00edv\u00e1s?\" tabindex=\"-1\" >\n\t\t\tWeiterlesen\t\t<\/a>\n\n\t\t\t\t\t<\/div>\n\t\t\t\t<\/div>\n\t\t\t\t\t<\/div>\n\t\t<\/article>\n\t\t\t\t<article class=\"elementor-post elementor-grid-item post-368 post type-post status-publish format-standard has-post-thumbnail hentry category-uncategorized\" role=\"listitem\">\n\t\t\t<div class=\"elementor-post__card\">\n\t\t\t\t<a class=\"elementor-post__thumbnail__link\" href=\"https:\/\/ballaerika.com\/de\/a-kolibri-mint-archetipus\/\" tabindex=\"-1\" ><div class=\"elementor-post__thumbnail\"><img decoding=\"async\" width=\"1000\" height=\"613\" src=\"https:\/\/ballaerika.com\/wp-content\/uploads\/2024\/09\/kolibri-mint-archetipus.jpg\" class=\"attachment-full size-full wp-image-369\" alt=\"\" srcset=\"https:\/\/ballaerika.com\/wp-content\/uploads\/2024\/09\/kolibri-mint-archetipus.jpg 1000w, https:\/\/ballaerika.com\/wp-content\/uploads\/2024\/09\/kolibri-mint-archetipus-300x184.jpg 300w, https:\/\/ballaerika.com\/wp-content\/uploads\/2024\/09\/kolibri-mint-archetipus-768x471.jpg 768w\" sizes=\"(max-width: 1000px) 100vw, 1000px\" \/><\/div><\/a>\n\t\t\t\t<div class=\"elementor-post__text\">\n\t\t\t\t<h3 class=\"elementor-post__title\">\n\t\t\t<a href=\"https:\/\/ballaerika.com\/de\/a-kolibri-mint-archetipus\/\" >\n\t\t\t\tDer Kolibri als Archetyp\t\t\t<\/a>\n\t\t<\/h3>\n\t\t\t\t<div class=\"elementor-post__excerpt\">\n\t\t\t<p>\u201eDer Kolibri als Archetyp ist eine der vier Wahrnehmungsebenen im Schamanismus, durch die wir die Welt wahrnehmen. Diese Ebenen entsprechen den vier Bereichen der Manifestation von Schwingung und Licht:<\/p>\n\t\t<\/div>\n\t\t\t\t\t<div class=\"elementor-post__read-more-wrapper\">\n\t\t\n\t\t<a class=\"elementor-post__read-more\" href=\"https:\/\/ballaerika.com\/de\/a-kolibri-mint-archetipus\/\" aria-label=\"Read more about A kolibri mint archetipus\" tabindex=\"-1\" >\n\t\t\tWeiterlesen\t\t<\/a>\n\n\t\t\t\t\t<\/div>\n\t\t\t\t<\/div>\n\t\t\t\t\t<\/div>\n\t\t<\/article>\n\t\t\t\t<article class=\"elementor-post elementor-grid-item post-356 post type-post status-publish format-standard has-post-thumbnail hentry category-uncategorized\" role=\"listitem\">\n\t\t\t<div class=\"elementor-post__card\">\n\t\t\t\t<a class=\"elementor-post__thumbnail__link\" href=\"https:\/\/ballaerika.com\/de\/belso-gyermek-es-az-energetika\/\" tabindex=\"-1\" ><div class=\"elementor-post__thumbnail\"><img decoding=\"async\" width=\"1000\" height=\"613\" src=\"https:\/\/ballaerika.com\/wp-content\/uploads\/2024\/09\/belso-gyermek.jpg\" class=\"attachment-full size-full wp-image-357\" alt=\"\" srcset=\"https:\/\/ballaerika.com\/wp-content\/uploads\/2024\/09\/belso-gyermek.jpg 1000w, https:\/\/ballaerika.com\/wp-content\/uploads\/2024\/09\/belso-gyermek-300x184.jpg 300w, https:\/\/ballaerika.com\/wp-content\/uploads\/2024\/09\/belso-gyermek-768x471.jpg 768w\" sizes=\"(max-width: 1000px) 100vw, 1000px\" \/><\/div><\/a>\n\t\t\t\t<div class=\"elementor-post__text\">\n\t\t\t\t<h3 class=\"elementor-post__title\">\n\t\t\t<a href=\"https:\/\/ballaerika.com\/de\/belso-gyermek-es-az-energetika\/\" >\n\t\t\t\tDas innere Kind in der Energetik\t\t\t<\/a>\n\t\t<\/h3>\n\t\t\t\t<div class=\"elementor-post__excerpt\">\n\t\t\t<p>Eines der Hauptthemen der energetischen Behandlungen ist es, unser \u201einneres Kind\u201c zu entdecken und es mit reiner Energie zu heilen. Dieser Prozess erfolgt Schritt f\u00fcr Schritt, wie das Sch\u00e4len einer Zwiebel,<\/p>\n\t\t<\/div>\n\t\t\t\t\t<div class=\"elementor-post__read-more-wrapper\">\n\t\t\n\t\t<a class=\"elementor-post__read-more\" href=\"https:\/\/ballaerika.com\/de\/belso-gyermek-es-az-energetika\/\" aria-label=\"Read more about Bels\u0151 gyermek \u00e9s az energetika\" tabindex=\"-1\" >\n\t\t\tWeiterlesen\t\t<\/a>\n\n\t\t\t\t\t<\/div>\n\t\t\t\t<\/div>\n\t\t\t\t\t<\/div>\n\t\t<\/article>\n\t\t\t\t<article class=\"elementor-post elementor-grid-item post-343 post type-post status-publish format-standard has-post-thumbnail hentry category-uncategorized\" role=\"listitem\">\n\t\t\t<div class=\"elementor-post__card\">\n\t\t\t\t<a class=\"elementor-post__thumbnail__link\" href=\"https:\/\/ballaerika.com\/de\/ongondoskodas-a-legfontosabb-dolog-amit-tehetsz\/\" tabindex=\"-1\" ><div class=\"elementor-post__thumbnail\"><img loading=\"lazy\" decoding=\"async\" width=\"1000\" height=\"613\" src=\"https:\/\/ballaerika.com\/wp-content\/uploads\/2024\/09\/ongondoskodas.jpg\" class=\"attachment-full size-full wp-image-344\" alt=\"\" srcset=\"https:\/\/ballaerika.com\/wp-content\/uploads\/2024\/09\/ongondoskodas.jpg 1000w, https:\/\/ballaerika.com\/wp-content\/uploads\/2024\/09\/ongondoskodas-300x184.jpg 300w, https:\/\/ballaerika.com\/wp-content\/uploads\/2024\/09\/ongondoskodas-768x471.jpg 768w\" sizes=\"(max-width: 1000px) 100vw, 1000px\" \/><\/div><\/a>\n\t\t\t\t<div class=\"elementor-post__text\">\n\t\t\t\t<h3 class=\"elementor-post__title\">\n\t\t\t<a href=\"https:\/\/ballaerika.com\/de\/ongondoskodas-a-legfontosabb-dolog-amit-tehetsz\/\" >\n\t\t\t\tSelbstf\u00fcrsorge- Der Schl\u00fcssel zu wahrem Gl\u00fcck\t\t\t<\/a>\n\t\t<\/h3>\n\t\t\t\t<div class=\"elementor-post__excerpt\">\n\t\t\t<p>Hast Du schon einmal jemanden sagen h\u00f6ren: \u201eSelbstf\u00fcrsorge ist das Wichtigste, was Du f\u00fcr Dich tun kannst\u201c? Hast Du das Gef\u00fchl, dass Selbstf\u00fcrsorge unm\u00f6glich zu sein scheint, weil Du das Gef\u00fchl hast, immer in Eile zu sein und einfach keine Zeit f\u00fcr Dich findest?<\/p>\n\t\t<\/div>\n\t\t\t\t\t<div class=\"elementor-post__read-more-wrapper\">\n\t\t\n\t\t<a class=\"elementor-post__read-more\" href=\"https:\/\/ballaerika.com\/de\/ongondoskodas-a-legfontosabb-dolog-amit-tehetsz\/\" aria-label=\"Read more about \u00d6ngondoskod\u00e1s &#8211; A legfontosabb dolog, amit tehetsz\" tabindex=\"-1\" >\n\t\t\tWeiterlesen\t\t<\/a>\n\n\t\t\t\t\t<\/div>\n\t\t\t\t<\/div>\n\t\t\t\t\t<\/div>\n\t\t<\/article>\n\t\t\t\t<\/div>\n\t\t\n\t\t\t\t\t\t<\/div>\n\t\t\t\t<\/div>\n\t\t\t\t\t<\/div>\n\t\t\t\t<\/div>\n\t\t\t\t<\/div>","protected":false},"excerpt":{"rendered":"<p>Energiakalauz Blog, hogy \u00fatmutat\u00f3t kapj az energetika vil\u00e1g\u00e1hoz. Az Energiakalauz Blogban egy izgalmas felfedez\u0151\u00fatra invit\u00e1llak, hogy m\u00e9g jobban elm\u00e9lyedj a k\u00f6r\u00fcl\u00f6tted l\u00e9v\u0151 energi\u00e1k, m\u0171k\u00f6d\u00e9s\u00fck \u00e9s hat\u00e1saik kimer\u00edthetetlen t\u00e9m\u00e1j\u00e1ban. Szeretn\u00e9m, ha te is megismern\u00e9d ezt a megfoghatatlan, de csod\u00e1latos vil\u00e1got. Cikkeimben azt is bemutatom, hogy hogyan alak\u00edtj\u00e1k az energi\u00e1k az \u00e9letedet, \u00e9s hogyan ford\u00edthatod \u0151ket saj\u00e1t &#8230; <a title=\"\u00d6ngondoskod\u00e1s &#8211; A legfontosabb dolog, amit tehetsz\" class=\"read-more\" href=\"https:\/\/ballaerika.com\/de\/ongondoskodas-a-legfontosabb-dolog-amit-tehetsz\/\" aria-label=\"Read more about \u00d6ngondoskod\u00e1s &#8211; A legfontosabb dolog, amit tehetsz\">mehr lesen<\/a><\/p>","protected":false},"author":1,"featured_media":0,"parent":0,"menu_order":0,"comment_status":"closed","ping_status":"closed","template":"elementor_header_footer","meta":{"footnotes":""},"class_list":["post-206","page","type-page","status-publish","hentry"],"_links":{"self":[{"href":"https:\/\/ballaerika.com\/de\/wp-json\/wp\/v2\/pages\/206","targetHints":{"allow":["GET"]}}],"collection":[{"href":"https:\/\/ballaerika.com\/de\/wp-json\/wp\/v2\/pages"}],"about":[{"href":"https:\/\/ballaerika.com\/de\/wp-json\/wp\/v2\/types\/page"}],"author":[{"embeddable":true,"href":"https:\/\/ballaerika.com\/de\/wp-json\/wp\/v2\/users\/1"}],"replies":[{"embeddable":true,"href":"https:\/\/ballaerika.com\/de\/wp-json\/wp\/v2\/comments?post=206"}],"version-history":[{"count":19,"href":"https:\/\/ballaerika.com\/de\/wp-json\/wp\/v2\/pages\/206\/revisions"}],"predecessor-version":[{"id":537,"href":"https:\/\/ballaerika.com\/de\/wp-json\/wp\/v2\/pages\/206\/revisions\/537"}],"wp:attachment":[{"href":"https:\/\/ballaerika.com\/de\/wp-json\/wp\/v2\/media?parent=206"}],"curies":[{"name":"wp","href":"https:\/\/api.w.org\/{rel}","templated":true}]}}