{"id":70,"date":"2024-07-11T18:54:47","date_gmt":"2024-07-11T16:54:47","guid":{"rendered":"https:\/\/ballaerika.com\/?page_id=70"},"modified":"2024-10-22T17:48:12","modified_gmt":"2024-10-22T15:48:12","slug":"impressum","status":"publish","type":"page","link":"https:\/\/ballaerika.com\/de\/impressum\/","title":{"rendered":"Impressum"},"content":{"rendered":"<div data-elementor-type=\"wp-page\" data-elementor-id=\"70\" class=\"elementor elementor-70\" data-elementor-post-type=\"page\">\n\t\t\t\t<div class=\"elementor-element elementor-element-510800b e-flex e-con-boxed e-con e-parent\" data-id=\"510800b\" data-element_type=\"container\">\n\t\t\t\t\t<div class=\"e-con-inner\">\n\t\t\t\t<div class=\"elementor-element elementor-element-f9ebe0d elementor-widget elementor-widget-heading\" data-id=\"f9ebe0d\" data-element_type=\"widget\" data-widget_type=\"heading.default\">\n\t\t\t\t<div class=\"elementor-widget-container\">\n\t\t\t\t\t<h1 class=\"elementor-heading-title elementor-size-default\">Impressum<\/h1>\t\t\t\t<\/div>\n\t\t\t\t<\/div>\n\t\t\t\t<div class=\"elementor-element elementor-element-5f114c3 elementor-widget elementor-widget-text-editor\" data-id=\"5f114c3\" data-element_type=\"widget\" data-widget_type=\"text-editor.default\">\n\t\t\t\t<div class=\"elementor-widget-container\">\n\t\t\t\t\t\t\t\t\t<p>Betreiber der Website:<\/p><p>Name: Erika Balla<\/p><p>Standort: Z\u00fcrich, Ackersteinstrasse 84., 8049 Schwitzerland<\/p><p>Kontakt: hello@ballaerika.com<\/p><p>\u00a0<\/p><p>Hosting:<\/p><p>Name: MikroVPS Kft.<\/p><p>Standort: 7150 Bonyh\u00e1d, J\u00f3kai u 3., Ungarn<\/p><p>Steuernummer: 25189861-2-17<\/p><p>Kontakt: support@mikrovps.hu<\/p>\t\t\t\t\t\t\t\t<\/div>\n\t\t\t\t<\/div>\n\t\t\t\t\t<\/div>\n\t\t\t\t<\/div>\n\t\t\t\t<\/div>","protected":false},"excerpt":{"rendered":"<p>Impresszum A weboldal \u00fczemeltet\u0151je: N\u00e9v: Erika Balla Sz\u00e9khely: Z\u00fcrich, Ackersteinstrasse 84., 8049 Sv\u00e1jc El\u00e9rhet\u0151s\u00e9gek: hello@ballaerika.com \u00a0 T\u00e1rhelyszolg\u00e1ltat\u00f3 adatai: C\u00e9g neve: MikroVPS Kft. C\u00edm: 7150 Bonyh\u00e1d, J\u00f3kai u 3. Ad\u00f3sz\u00e1m: 25189861-2-17 El\u00e9rhet\u0151s\u00e9gek: support@mikrovps.hu<\/p>","protected":false},"author":1,"featured_media":0,"parent":0,"menu_order":0,"comment_status":"closed","ping_status":"closed","template":"elementor_header_footer","meta":{"footnotes":""},"class_list":["post-70","page","type-page","status-publish"],"_links":{"self":[{"href":"https:\/\/ballaerika.com\/de\/wp-json\/wp\/v2\/pages\/70","targetHints":{"allow":["GET"]}}],"collection":[{"href":"https:\/\/ballaerika.com\/de\/wp-json\/wp\/v2\/pages"}],"about":[{"href":"https:\/\/ballaerika.com\/de\/wp-json\/wp\/v2\/types\/page"}],"author":[{"embeddable":true,"href":"https:\/\/ballaerika.com\/de\/wp-json\/wp\/v2\/users\/1"}],"replies":[{"embeddable":true,"href":"https:\/\/ballaerika.com\/de\/wp-json\/wp\/v2\/comments?post=70"}],"version-history":[{"count":7,"href":"https:\/\/ballaerika.com\/de\/wp-json\/wp\/v2\/pages\/70\/revisions"}],"predecessor-version":[{"id":489,"href":"https:\/\/ballaerika.com\/de\/wp-json\/wp\/v2\/pages\/70\/revisions\/489"}],"wp:attachment":[{"href":"https:\/\/ballaerika.com\/de\/wp-json\/wp\/v2\/media?parent=70"}],"curies":[{"name":"wp","href":"https:\/\/api.w.org\/{rel}","templated":true}]}}